{"id":2335,"date":"2025-02-17T04:00:14","date_gmt":"2025-02-17T04:00:14","guid":{"rendered":"https:\/\/www.elisethompson.com\/?page_id=2335"},"modified":"2026-01-16T17:55:38","modified_gmt":"2026-01-16T17:55:38","slug":"find-fuse","status":"publish","type":"page","link":"https:\/\/www.elisethompson.com\/?page_id=2335","title":{"rendered":"FIND\/FUSE"},"content":{"rendered":"\n<p class=\"wp-block-paragraph\">Works by Stephan\u00e9 Edith Conradie and Elise Thompson<br>Curated by Ma\u00eblle Ebelle &amp; Francesca Pessarelli<br>Ceysson &amp; B\u00e9n\u00e9ti\u00e8re NY, New York, NY<br>January 26th &#8211; March 11th, 2023<\/p>\n\n\n\n<p class=\"wp-block-paragraph\">Exhibition Statement:<\/p>\n\n\n\n<figure class=\"wp-block-table\"><table class=\"has-fixed-layout\"><tbody><tr><td>Ceysson &amp; B\u00e9n\u00e9ti\u00e8re New York is pleased to present&nbsp;<em>Find \/ Fuse<\/em>, a two-person exhibition of works by Cape Town-based artist Stephan\u00e9 Edith Conradie and Brooklyn-based Elise Thompson. This exhibition will be on view through March 11th, 2023.&nbsp;<em>Find \/ Fuse<\/em>&nbsp;is a process of perception, collection, withholding, joining.&nbsp;But also, probably, a critique of the unseen.&nbsp;Conradie and Thompson are alchemists of sorts\u2014their material exploration and use of transparency calling the viewer to question what is visible versus what is known, acknowledging that the two do not always converge.&nbsp;<br><br>Conradie\u2019s sculptures bring together found glass objects which have been taken out of their context of utility and suspended in a space outside of the routines of daily life.&nbsp;The tree structure of these assemblages leads the viewer to look beyond the history and reconsider the object as a sculpture, as an accumulation of diverse memories. Colors and shapes blur the objects\u2019 origins and&nbsp;question the dimensions of the work\u2019s perception as a piece of art. But these objects are also remains of a fraught past. They melt together to form totem-like&nbsp;&nbsp;arrangements whose layered surfaces shift between revealing and concealing the significance of each item she uses. Through their fusion, objects that initially appear cheap or commonplace become precious and even sacred. In doing so, Condradie explores the potential of meaning-making within commonplace household items and the unknowns we surround ourselves in.<br><br>Thompson, too, explores what can result from strategic obstruction, layering, and visibility. Her glossy vinyl surfaces seem to melt and bubble over layers of architectural, organic, and translucent forms. There is a sense of play with what constitutes the surface of the work versus what is within or behind the almost skeletal structures. Gestures seem to disappear beneath one another and re-emerge elsewhere,&nbsp;like a memory.&nbsp;Shapes appear suspended mid-air, the physics of their construction eluding the viewer. This calculated censorship allows for questioning of what is known, seen, and purposefully hidden. Literal translucence does not always result in the revelation of truth or meaning. The paintings\u2019 structures suggest a desire for control which Thompson does not grant the viewer. The answers remain hidden in plain sight.<br><br>The question of whether transparency begets clarity remains. Do we find meanings or do we fuse them?&nbsp;<br><br>Ma\u00eblle Ebelle &amp; Francesca Pessarelli, January 2023<\/td><\/tr><\/tbody><\/table><\/figure>\n\n\n\n<div style=\"height:55px\" aria-hidden=\"true\" class=\"wp-block-spacer\"><\/div>\n\n\n\n<figure class=\"wp-block-image size-full\"><a href=\"http:\/\/www.elisethompson.com\/wp-content\/uploads\/2023\/02\/Exhibition-view-Find-Fuse-2023-SECandMaze-scaled.jpg\"><img loading=\"lazy\" decoding=\"async\" width=\"2560\" height=\"1657\" src=\"https:\/\/www.elisethompson.com\/wp-content\/uploads\/2023\/02\/Exhibition-view-Find-Fuse-2023-SECandMaze-scaled.jpg\" alt=\"\" class=\"wp-image-2035\" srcset=\"https:\/\/www.elisethompson.com\/wp-content\/uploads\/2023\/02\/Exhibition-view-Find-Fuse-2023-SECandMaze-scaled.jpg 2560w, https:\/\/www.elisethompson.com\/wp-content\/uploads\/2023\/02\/Exhibition-view-Find-Fuse-2023-SECandMaze-300x194.jpg 300w, https:\/\/www.elisethompson.com\/wp-content\/uploads\/2023\/02\/Exhibition-view-Find-Fuse-2023-SECandMaze-1024x663.jpg 1024w, https:\/\/www.elisethompson.com\/wp-content\/uploads\/2023\/02\/Exhibition-view-Find-Fuse-2023-SECandMaze-768x497.jpg 768w, https:\/\/www.elisethompson.com\/wp-content\/uploads\/2023\/02\/Exhibition-view-Find-Fuse-2023-SECandMaze-1536x994.jpg 1536w, https:\/\/www.elisethompson.com\/wp-content\/uploads\/2023\/02\/Exhibition-view-Find-Fuse-2023-SECandMaze-2048x1325.jpg 2048w, https:\/\/www.elisethompson.com\/wp-content\/uploads\/2023\/02\/Exhibition-view-Find-Fuse-2023-SECandMaze-700x453.jpg 700w\" sizes=\"auto, (max-width: 2560px) 100vw, 2560px\" \/><\/a><\/figure>\n\n\n\n<div style=\"height:55px\" aria-hidden=\"true\" class=\"wp-block-spacer\"><\/div>\n\n\n\n<figure class=\"wp-block-image size-full\"><a href=\"http:\/\/www.elisethompson.com\/wp-content\/uploads\/2023\/02\/Exhibition-view-Find-Fuse-2023-SECandMaze-Pool-scaled.jpg\"><img loading=\"lazy\" decoding=\"async\" width=\"2560\" height=\"1787\" src=\"https:\/\/www.elisethompson.com\/wp-content\/uploads\/2023\/02\/Exhibition-view-Find-Fuse-2023-SECandMaze-Pool-scaled.jpg\" alt=\"\" class=\"wp-image-2037\" srcset=\"https:\/\/www.elisethompson.com\/wp-content\/uploads\/2023\/02\/Exhibition-view-Find-Fuse-2023-SECandMaze-Pool-scaled.jpg 2560w, https:\/\/www.elisethompson.com\/wp-content\/uploads\/2023\/02\/Exhibition-view-Find-Fuse-2023-SECandMaze-Pool-300x209.jpg 300w, https:\/\/www.elisethompson.com\/wp-content\/uploads\/2023\/02\/Exhibition-view-Find-Fuse-2023-SECandMaze-Pool-1024x715.jpg 1024w, https:\/\/www.elisethompson.com\/wp-content\/uploads\/2023\/02\/Exhibition-view-Find-Fuse-2023-SECandMaze-Pool-768x536.jpg 768w, https:\/\/www.elisethompson.com\/wp-content\/uploads\/2023\/02\/Exhibition-view-Find-Fuse-2023-SECandMaze-Pool-1536x1072.jpg 1536w, https:\/\/www.elisethompson.com\/wp-content\/uploads\/2023\/02\/Exhibition-view-Find-Fuse-2023-SECandMaze-Pool-2048x1430.jpg 2048w, https:\/\/www.elisethompson.com\/wp-content\/uploads\/2023\/02\/Exhibition-view-Find-Fuse-2023-SECandMaze-Pool-700x489.jpg 700w\" sizes=\"auto, (max-width: 2560px) 100vw, 2560px\" \/><\/a><\/figure>\n\n\n\n<div style=\"height:55px\" aria-hidden=\"true\" class=\"wp-block-spacer\"><\/div>\n\n\n\n<figure class=\"wp-block-image size-full\"><a href=\"http:\/\/www.elisethompson.com\/wp-content\/uploads\/2023\/02\/Exhibition-view-Find-Fuse-2023-SECandPool-Snap-scaled.jpg\"><img loading=\"lazy\" decoding=\"async\" width=\"2560\" height=\"1746\" src=\"https:\/\/www.elisethompson.com\/wp-content\/uploads\/2023\/02\/Exhibition-view-Find-Fuse-2023-SECandPool-Snap-scaled.jpg\" alt=\"\" class=\"wp-image-2044\" srcset=\"https:\/\/www.elisethompson.com\/wp-content\/uploads\/2023\/02\/Exhibition-view-Find-Fuse-2023-SECandPool-Snap-scaled.jpg 2560w, https:\/\/www.elisethompson.com\/wp-content\/uploads\/2023\/02\/Exhibition-view-Find-Fuse-2023-SECandPool-Snap-300x205.jpg 300w, https:\/\/www.elisethompson.com\/wp-content\/uploads\/2023\/02\/Exhibition-view-Find-Fuse-2023-SECandPool-Snap-1024x699.jpg 1024w, https:\/\/www.elisethompson.com\/wp-content\/uploads\/2023\/02\/Exhibition-view-Find-Fuse-2023-SECandPool-Snap-768x524.jpg 768w, https:\/\/www.elisethompson.com\/wp-content\/uploads\/2023\/02\/Exhibition-view-Find-Fuse-2023-SECandPool-Snap-1536x1048.jpg 1536w, https:\/\/www.elisethompson.com\/wp-content\/uploads\/2023\/02\/Exhibition-view-Find-Fuse-2023-SECandPool-Snap-2048x1397.jpg 2048w, https:\/\/www.elisethompson.com\/wp-content\/uploads\/2023\/02\/Exhibition-view-Find-Fuse-2023-SECandPool-Snap-700x478.jpg 700w\" sizes=\"auto, (max-width: 2560px) 100vw, 2560px\" \/><\/a><\/figure>\n\n\n\n<div style=\"height:55px\" aria-hidden=\"true\" class=\"wp-block-spacer\"><\/div>\n\n\n\n<figure class=\"wp-block-image size-full\"><a href=\"http:\/\/www.elisethompson.com\/wp-content\/uploads\/2023\/02\/Exhibition-view-Find-Fuse-2023-SECGutandRise-scaled.jpg\"><img loading=\"lazy\" decoding=\"async\" width=\"2560\" height=\"1772\" src=\"https:\/\/www.elisethompson.com\/wp-content\/uploads\/2023\/02\/Exhibition-view-Find-Fuse-2023-SECGutandRise-scaled.jpg\" alt=\"\" class=\"wp-image-2038\" srcset=\"https:\/\/www.elisethompson.com\/wp-content\/uploads\/2023\/02\/Exhibition-view-Find-Fuse-2023-SECGutandRise-scaled.jpg 2560w, https:\/\/www.elisethompson.com\/wp-content\/uploads\/2023\/02\/Exhibition-view-Find-Fuse-2023-SECGutandRise-300x208.jpg 300w, https:\/\/www.elisethompson.com\/wp-content\/uploads\/2023\/02\/Exhibition-view-Find-Fuse-2023-SECGutandRise-1024x709.jpg 1024w, https:\/\/www.elisethompson.com\/wp-content\/uploads\/2023\/02\/Exhibition-view-Find-Fuse-2023-SECGutandRise-768x532.jpg 768w, https:\/\/www.elisethompson.com\/wp-content\/uploads\/2023\/02\/Exhibition-view-Find-Fuse-2023-SECGutandRise-1536x1063.jpg 1536w, https:\/\/www.elisethompson.com\/wp-content\/uploads\/2023\/02\/Exhibition-view-Find-Fuse-2023-SECGutandRise-2048x1418.jpg 2048w, https:\/\/www.elisethompson.com\/wp-content\/uploads\/2023\/02\/Exhibition-view-Find-Fuse-2023-SECGutandRise-700x485.jpg 700w\" sizes=\"auto, (max-width: 2560px) 100vw, 2560px\" \/><\/a><\/figure>\n\n\n\n<div style=\"height:55px\" aria-hidden=\"true\" class=\"wp-block-spacer\"><\/div>\n\n\n\n<figure class=\"wp-block-image size-full\"><a href=\"http:\/\/www.elisethompson.com\/wp-content\/uploads\/2023\/02\/Exhibition-view-Find-Fuse-2023-SECGutandRise2-scaled.jpg\"><img loading=\"lazy\" decoding=\"async\" width=\"2560\" height=\"1883\" src=\"https:\/\/www.elisethompson.com\/wp-content\/uploads\/2023\/02\/Exhibition-view-Find-Fuse-2023-SECGutandRise2-scaled.jpg\" alt=\"\" class=\"wp-image-2039\" srcset=\"https:\/\/www.elisethompson.com\/wp-content\/uploads\/2023\/02\/Exhibition-view-Find-Fuse-2023-SECGutandRise2-scaled.jpg 2560w, https:\/\/www.elisethompson.com\/wp-content\/uploads\/2023\/02\/Exhibition-view-Find-Fuse-2023-SECGutandRise2-300x221.jpg 300w, https:\/\/www.elisethompson.com\/wp-content\/uploads\/2023\/02\/Exhibition-view-Find-Fuse-2023-SECGutandRise2-1024x753.jpg 1024w, https:\/\/www.elisethompson.com\/wp-content\/uploads\/2023\/02\/Exhibition-view-Find-Fuse-2023-SECGutandRise2-768x565.jpg 768w, https:\/\/www.elisethompson.com\/wp-content\/uploads\/2023\/02\/Exhibition-view-Find-Fuse-2023-SECGutandRise2-1536x1130.jpg 1536w, https:\/\/www.elisethompson.com\/wp-content\/uploads\/2023\/02\/Exhibition-view-Find-Fuse-2023-SECGutandRise2-2048x1506.jpg 2048w, https:\/\/www.elisethompson.com\/wp-content\/uploads\/2023\/02\/Exhibition-view-Find-Fuse-2023-SECGutandRise2-700x515.jpg 700w\" sizes=\"auto, (max-width: 2560px) 100vw, 2560px\" \/><\/a><\/figure>\n\n\n\n<div style=\"height:55px\" aria-hidden=\"true\" class=\"wp-block-spacer\"><\/div>\n\n\n\n<figure class=\"wp-block-image size-full\"><a href=\"http:\/\/www.elisethompson.com\/wp-content\/uploads\/2023\/02\/Exhibition-view-Find-Fuse-2023-SECandPeak-Bluff-scaled.jpg\"><img loading=\"lazy\" decoding=\"async\" width=\"2560\" height=\"1707\" src=\"https:\/\/www.elisethompson.com\/wp-content\/uploads\/2023\/02\/Exhibition-view-Find-Fuse-2023-SECandPeak-Bluff-scaled.jpg\" alt=\"\" class=\"wp-image-2040\" srcset=\"https:\/\/www.elisethompson.com\/wp-content\/uploads\/2023\/02\/Exhibition-view-Find-Fuse-2023-SECandPeak-Bluff-scaled.jpg 2560w, https:\/\/www.elisethompson.com\/wp-content\/uploads\/2023\/02\/Exhibition-view-Find-Fuse-2023-SECandPeak-Bluff-300x200.jpg 300w, https:\/\/www.elisethompson.com\/wp-content\/uploads\/2023\/02\/Exhibition-view-Find-Fuse-2023-SECandPeak-Bluff-1024x683.jpg 1024w, https:\/\/www.elisethompson.com\/wp-content\/uploads\/2023\/02\/Exhibition-view-Find-Fuse-2023-SECandPeak-Bluff-768x512.jpg 768w, https:\/\/www.elisethompson.com\/wp-content\/uploads\/2023\/02\/Exhibition-view-Find-Fuse-2023-SECandPeak-Bluff-1536x1024.jpg 1536w, https:\/\/www.elisethompson.com\/wp-content\/uploads\/2023\/02\/Exhibition-view-Find-Fuse-2023-SECandPeak-Bluff-2048x1365.jpg 2048w, https:\/\/www.elisethompson.com\/wp-content\/uploads\/2023\/02\/Exhibition-view-Find-Fuse-2023-SECandPeak-Bluff-700x467.jpg 700w\" sizes=\"auto, (max-width: 2560px) 100vw, 2560px\" \/><\/a><\/figure>\n\n\n\n<div style=\"height:55px\" aria-hidden=\"true\" class=\"wp-block-spacer\"><\/div>\n\n\n\n<figure class=\"wp-block-image size-full\"><a href=\"http:\/\/www.elisethompson.com\/wp-content\/uploads\/2023\/02\/Exhibition-view-Find-Fuse-2023-SECandPeak-scaled.jpg\"><img loading=\"lazy\" decoding=\"async\" width=\"2560\" height=\"1707\" src=\"https:\/\/www.elisethompson.com\/wp-content\/uploads\/2023\/02\/Exhibition-view-Find-Fuse-2023-SECandPeak-scaled.jpg\" alt=\"\" class=\"wp-image-2041\" srcset=\"https:\/\/www.elisethompson.com\/wp-content\/uploads\/2023\/02\/Exhibition-view-Find-Fuse-2023-SECandPeak-scaled.jpg 2560w, https:\/\/www.elisethompson.com\/wp-content\/uploads\/2023\/02\/Exhibition-view-Find-Fuse-2023-SECandPeak-300x200.jpg 300w, https:\/\/www.elisethompson.com\/wp-content\/uploads\/2023\/02\/Exhibition-view-Find-Fuse-2023-SECandPeak-1024x683.jpg 1024w, https:\/\/www.elisethompson.com\/wp-content\/uploads\/2023\/02\/Exhibition-view-Find-Fuse-2023-SECandPeak-768x512.jpg 768w, https:\/\/www.elisethompson.com\/wp-content\/uploads\/2023\/02\/Exhibition-view-Find-Fuse-2023-SECandPeak-1536x1024.jpg 1536w, https:\/\/www.elisethompson.com\/wp-content\/uploads\/2023\/02\/Exhibition-view-Find-Fuse-2023-SECandPeak-2048x1365.jpg 2048w, https:\/\/www.elisethompson.com\/wp-content\/uploads\/2023\/02\/Exhibition-view-Find-Fuse-2023-SECandPeak-700x467.jpg 700w\" sizes=\"auto, (max-width: 2560px) 100vw, 2560px\" \/><\/a><\/figure>\n\n\n\n<div style=\"height:55px\" aria-hidden=\"true\" class=\"wp-block-spacer\"><\/div>\n\n\n\n<figure class=\"wp-block-image size-full\"><a href=\"http:\/\/www.elisethompson.com\/wp-content\/uploads\/2023\/02\/Exhibition-view-Find-Fuse-2023-SECandCover-scaled.jpg\"><img loading=\"lazy\" decoding=\"async\" width=\"2560\" height=\"1774\" src=\"https:\/\/www.elisethompson.com\/wp-content\/uploads\/2023\/02\/Exhibition-view-Find-Fuse-2023-SECandCover-scaled.jpg\" alt=\"\" class=\"wp-image-2042\" srcset=\"https:\/\/www.elisethompson.com\/wp-content\/uploads\/2023\/02\/Exhibition-view-Find-Fuse-2023-SECandCover-scaled.jpg 2560w, https:\/\/www.elisethompson.com\/wp-content\/uploads\/2023\/02\/Exhibition-view-Find-Fuse-2023-SECandCover-300x208.jpg 300w, https:\/\/www.elisethompson.com\/wp-content\/uploads\/2023\/02\/Exhibition-view-Find-Fuse-2023-SECandCover-1024x710.jpg 1024w, https:\/\/www.elisethompson.com\/wp-content\/uploads\/2023\/02\/Exhibition-view-Find-Fuse-2023-SECandCover-768x532.jpg 768w, https:\/\/www.elisethompson.com\/wp-content\/uploads\/2023\/02\/Exhibition-view-Find-Fuse-2023-SECandCover-1536x1065.jpg 1536w, https:\/\/www.elisethompson.com\/wp-content\/uploads\/2023\/02\/Exhibition-view-Find-Fuse-2023-SECandCover-2048x1419.jpg 2048w, https:\/\/www.elisethompson.com\/wp-content\/uploads\/2023\/02\/Exhibition-view-Find-Fuse-2023-SECandCover-700x485.jpg 700w\" sizes=\"auto, (max-width: 2560px) 100vw, 2560px\" \/><\/a><\/figure>\n\n\n\n<div style=\"height:55px\" aria-hidden=\"true\" class=\"wp-block-spacer\"><\/div>\n\n\n\n<figure class=\"wp-block-image size-full\"><a href=\"http:\/\/www.elisethompson.com\/wp-content\/uploads\/2023\/02\/Exhibition-view-Find-Fuse-2023-SECandMirage-Rift-scaled.jpg\"><img loading=\"lazy\" decoding=\"async\" width=\"2560\" height=\"1707\" src=\"https:\/\/www.elisethompson.com\/wp-content\/uploads\/2023\/02\/Exhibition-view-Find-Fuse-2023-SECandMirage-Rift-scaled.jpg\" alt=\"\" class=\"wp-image-2043\" srcset=\"https:\/\/www.elisethompson.com\/wp-content\/uploads\/2023\/02\/Exhibition-view-Find-Fuse-2023-SECandMirage-Rift-scaled.jpg 2560w, https:\/\/www.elisethompson.com\/wp-content\/uploads\/2023\/02\/Exhibition-view-Find-Fuse-2023-SECandMirage-Rift-300x200.jpg 300w, https:\/\/www.elisethompson.com\/wp-content\/uploads\/2023\/02\/Exhibition-view-Find-Fuse-2023-SECandMirage-Rift-1024x683.jpg 1024w, https:\/\/www.elisethompson.com\/wp-content\/uploads\/2023\/02\/Exhibition-view-Find-Fuse-2023-SECandMirage-Rift-768x512.jpg 768w, https:\/\/www.elisethompson.com\/wp-content\/uploads\/2023\/02\/Exhibition-view-Find-Fuse-2023-SECandMirage-Rift-1536x1024.jpg 1536w, https:\/\/www.elisethompson.com\/wp-content\/uploads\/2023\/02\/Exhibition-view-Find-Fuse-2023-SECandMirage-Rift-2048x1365.jpg 2048w, https:\/\/www.elisethompson.com\/wp-content\/uploads\/2023\/02\/Exhibition-view-Find-Fuse-2023-SECandMirage-Rift-700x467.jpg 700w\" sizes=\"auto, (max-width: 2560px) 100vw, 2560px\" \/><\/a><\/figure>\n\n\n\n<p class=\"wp-block-paragraph\"><\/p>\n\n\n\n<p class=\"wp-block-paragraph\"><\/p>\n\n\n\n<div class=\"wp-block-group alignfull has-background-color\" style=\"margin-top:0;margin-bottom:0;padding-top:var(--wp--preset--spacing--40);padding-right:var(--wp--preset--spacing--30);padding-bottom:var(--wp--preset--spacing--40);padding-left:var(--wp--preset--spacing--30)\"><div class=\"wp-block-group__inner-container is-layout-constrained wp-container-core-group-is-layout-0462018f wp-block-group-is-layout-constrained\">\n<div class=\"wp-block-group alignwide is-content-justification-space-between is-layout-flex wp-container-core-group-is-layout-b14186be wp-block-group-is-layout-flex\">\n<div class=\"wp-block-group is-layout-flex wp-block-group-is-layout-flex\"><nav class=\"has-small-font-size is-responsive items-justified-left wp-block-navigation is-content-justification-left is-layout-flex wp-container-core-navigation-is-layout-ac8bf23f wp-block-navigation-is-layout-flex\" aria-label=\"Main Site Menu\" \n\t\t data-wp-interactive=\"core\/navigation\" data-wp-context='{\"overlayOpenedBy\":{\"click\":false,\"hover\":false,\"focus\":false},\"type\":\"overlay\",\"roleAttribute\":\"\",\"ariaLabel\":\"Menu\"}'><button aria-haspopup=\"dialog\" aria-label=\"Open menu\" class=\"wp-block-navigation__responsive-container-open\" \n\t\t\t\tdata-wp-on--click=\"actions.openMenuOnClick\"\n\t\t\t\tdata-wp-on--keydown=\"actions.handleMenuKeydown\"\n\t\t\t><svg width=\"24\" height=\"24\" xmlns=\"http:\/\/www.w3.org\/2000\/svg\" viewBox=\"0 0 24 24\" aria-hidden=\"true\" focusable=\"false\"><path d=\"M4 7.5h16v1.5H4z\"><\/path><path d=\"M4 15h16v1.5H4z\"><\/path><\/svg><\/button>\n\t\t\t\t<div class=\"wp-block-navigation__responsive-container\"  id=\"modal-1\" \n\t\t\t\tdata-wp-class--has-modal-open=\"state.isMenuOpen\"\n\t\t\t\tdata-wp-class--is-menu-open=\"state.isMenuOpen\"\n\t\t\t\tdata-wp-watch=\"callbacks.initMenu\"\n\t\t\t\tdata-wp-on--keydown=\"actions.handleMenuKeydown\"\n\t\t\t\tdata-wp-on--focusout=\"actions.handleMenuFocusout\"\n\t\t\t\ttabindex=\"-1\"\n\t\t\t>\n\t\t\t\t\t<div class=\"wp-block-navigation__responsive-close\" tabindex=\"-1\">\n\t\t\t\t\t\t<div class=\"wp-block-navigation__responsive-dialog\" \n\t\t\t\tdata-wp-bind--aria-modal=\"state.ariaModal\"\n\t\t\t\tdata-wp-bind--aria-label=\"state.ariaLabel\"\n\t\t\t\tdata-wp-bind--role=\"state.roleAttribute\"\n\t\t\t>\n\t\t\t\t\t\t\t<button aria-label=\"Close menu\" class=\"wp-block-navigation__responsive-container-close\" \n\t\t\t\tdata-wp-on--click=\"actions.closeMenuOnClick\"\n\t\t\t><svg xmlns=\"http:\/\/www.w3.org\/2000\/svg\" viewBox=\"0 0 24 24\" width=\"24\" height=\"24\" aria-hidden=\"true\" focusable=\"false\"><path d=\"m13.06 12 6.47-6.47-1.06-1.06L12 10.94 5.53 4.47 4.47 5.53 10.94 12l-6.47 6.47 1.06 1.06L12 13.06l6.47 6.47 1.06-1.06L13.06 12Z\"><\/path><\/svg><\/button>\n\t\t\t\t\t\t\t<div class=\"wp-block-navigation__responsive-container-content\" \n\t\t\t\tdata-wp-watch=\"callbacks.focusFirstElement\"\n\t\t\t id=\"modal-1-content\">\n\t\t\t\t\t\t\t\t<ul class=\"wp-block-navigation__container has-small-font-size is-responsive items-justified-left wp-block-navigation has-small-font-size\"><li class=\"has-small-font-size wp-block-navigation-item  menu-item menu-item-type-post_type menu-item-object-page menu-item-home wp-block-navigation-link\"><a class=\"wp-block-navigation-item__content\"  href=\"https:\/\/www.elisethompson.com\/\" title=\"\"><span class=\"wp-block-navigation-item__label\">\u00a9 2026 Elise Thompson<\/span><\/a><\/li><\/ul>\n\t\t\t\t\t\t\t\t\n\t\t\t\t\t\t\t<\/div>\n\t\t\t\t\t\t<\/div>\n\t\t\t\t\t<\/div>\n\t\t\t\t<\/div><\/nav><\/div>\n\n\n\n<p class=\"has-small-font-size wp-block-paragraph\"> Proudly powered by <a rel=\"nofollow\" href=\"https:\/\/wordpress.org\">WordPress<\/a> <\/p>\n<\/div>\n<\/div><\/div>\n\n\n\n<p class=\"wp-block-paragraph\"><\/p>\n","protected":false},"excerpt":{"rendered":"<p>Works by Stephan\u00e9 Edith Conradie and Elise ThompsonCurated by Ma\u00eblle Ebelle &amp; Francesca PessarelliCeysson &amp; B\u00e9n\u00e9ti\u00e8re NY, New York, NYJanuary 26th &#8211; March 11th, 2023 Exhibition Statement: Ceysson &amp; B\u00e9n\u00e9ti\u00e8re New York is pleased to present&nbsp;Find \/ Fuse, a two-person exhibition of works by Cape Town-based artist Stephan\u00e9 Edith Conradie and Brooklyn-based Elise Thompson. This [&hellip;]<\/p>\n","protected":false},"author":2,"featured_media":0,"parent":1139,"menu_order":5,"comment_status":"closed","ping_status":"closed","template":"","meta":{"_crdt_document":"","ngg_post_thumbnail":0,"footnotes":""},"class_list":["post-2335","page","type-page","status-publish","hentry"],"_links":{"self":[{"href":"https:\/\/www.elisethompson.com\/index.php?rest_route=\/wp\/v2\/pages\/2335","targetHints":{"allow":["GET"]}}],"collection":[{"href":"https:\/\/www.elisethompson.com\/index.php?rest_route=\/wp\/v2\/pages"}],"about":[{"href":"https:\/\/www.elisethompson.com\/index.php?rest_route=\/wp\/v2\/types\/page"}],"author":[{"embeddable":true,"href":"https:\/\/www.elisethompson.com\/index.php?rest_route=\/wp\/v2\/users\/2"}],"replies":[{"embeddable":true,"href":"https:\/\/www.elisethompson.com\/index.php?rest_route=%2Fwp%2Fv2%2Fcomments&post=2335"}],"version-history":[{"count":3,"href":"https:\/\/www.elisethompson.com\/index.php?rest_route=\/wp\/v2\/pages\/2335\/revisions"}],"predecessor-version":[{"id":2617,"href":"https:\/\/www.elisethompson.com\/index.php?rest_route=\/wp\/v2\/pages\/2335\/revisions\/2617"}],"up":[{"embeddable":true,"href":"https:\/\/www.elisethompson.com\/index.php?rest_route=\/wp\/v2\/pages\/1139"}],"wp:attachment":[{"href":"https:\/\/www.elisethompson.com\/index.php?rest_route=%2Fwp%2Fv2%2Fmedia&parent=2335"}],"curies":[{"name":"wp","href":"https:\/\/api.w.org\/{rel}","templated":true}]}}